{"id":92,"date":"2016-01-20T00:26:40","date_gmt":"2016-01-19T23:26:40","guid":{"rendered":"http:\/\/vsziersdorf.ac.at\/wordpress\/?page_id=92"},"modified":"2025-11-10T21:06:43","modified_gmt":"2025-11-10T20:06:43","slug":"kontakt","status":"publish","type":"page","link":"https:\/\/vsziersdorf.ac.at\/wordpress\/?page_id=92","title":{"rendered":"Kontakt"},"content":{"rendered":"<h3 class=\"skepost\"><strong>Direktion<\/strong><\/h3>\n<p>VD Mag.Regina Pfeifer, BEd<\/p>\n<p>Volksschule Ziersdorf<br \/>Erlenaugasse 10<br \/>3710 Ziersdorf<\/p>\n<p>Da ich ebenso mit der Leitung der Mittelschule Ziersdorf betraut bin, bin ich nicht st\u00e4ndig am Schulstandort der Volksschule telefonisch erreichbar. Sollten Sie mich telefonisch nicht erreichen, senden Sie mir bitte ein Mail mit Ihrem Anliegen! Ich werde Sie verl\u00e4sslich zur\u00fcckrufen. Seit dem Schuljahr 2025\/26 gibt es einen aktualisierten Krisenplan bzw. ein Kinderschutzkonzept an der Schule. In speziellen Ausnahmesituationen kann es daher sein, dass ich als Direktorin nicht mehr Ansprechperson bin, sondern der Krisenstab der Bildungsdirektion f\u00fcr N\u00d6 02742\/280 oder die Pressestelle der Polizei Nieder\u00f6sterreich. Danke f\u00fcr Ihr Verst\u00e4ndnis!<\/p>\n<p class=\"skepost\">Tel.: 02956\/2204-70 Direktion<\/p>\n<p class=\"skepost\">02956\/2204-72 und 2204-73 Konferenzzimmer<\/p>\n<p class=\"skepost\"><a href=\"mailto:vs.ziersdorf@noeschule.at\">Email an die Direktion<\/a><\/p>\n<div class=\"skepost\">\n<p><a href=\"mailto:konferenzzimmer@vsziersdorf.ac.at\">Email ins Konferenzzimmer<\/a><\/p>\n<\/div>\n<h3>Volksschulgemeinde<\/h3>\n<div class=\"skepost\">\n<p>Der Obmann der Schulgemeinde Ziersdorf (Gemeinde Ziersdorf und Heldenberg) ist Herr Roman Hahslinger, der f\u00fcr Anliegen betreffend Nachmittags- und Ferienbetreuung unter roman.hahslinger[at]oebb.at erreichbar ist.<\/p>\n<\/div>\n<h3>Elternverein<\/h3>\n<p>Der Obmann des Elternvereins ist unter martin.leitner[at]mein.gmx erreichbar.<\/p>\n<h3><strong>Webmaster<\/strong><\/h3>\n<p>Die Neugestaltung der Website wurde im J\u00e4nner 2016 von Benjamin Panholzer durchgef\u00fchrt. Bei Fragen bitte die <a href=\"mailto:vs.ziersdorf@noeschule.at\">Direktion<\/a>\u00a0kontaktieren.<\/p>\n\n\n<p><\/p>\n","protected":false},"excerpt":{"rendered":"<p>Direktion VD Mag.Regina Pfeifer, BEd Volksschule ZiersdorfErlenaugasse 103710 Ziersdorf Da ich ebenso mit der Leitung der Mittelschule Ziersdorf betraut bin, bin ich [&hellip;]<\/p>\n","protected":false},"author":1,"featured_media":0,"parent":0,"menu_order":0,"comment_status":"closed","ping_status":"closed","template":"","meta":{"footnotes":""},"class_list":["post-92","page","type-page","status-publish","hentry"],"_links":{"self":[{"href":"https:\/\/vsziersdorf.ac.at\/wordpress\/index.php?rest_route=\/wp\/v2\/pages\/92","targetHints":{"allow":["GET"]}}],"collection":[{"href":"https:\/\/vsziersdorf.ac.at\/wordpress\/index.php?rest_route=\/wp\/v2\/pages"}],"about":[{"href":"https:\/\/vsziersdorf.ac.at\/wordpress\/index.php?rest_route=\/wp\/v2\/types\/page"}],"author":[{"embeddable":true,"href":"https:\/\/vsziersdorf.ac.at\/wordpress\/index.php?rest_route=\/wp\/v2\/users\/1"}],"replies":[{"embeddable":true,"href":"https:\/\/vsziersdorf.ac.at\/wordpress\/index.php?rest_route=%2Fwp%2Fv2%2Fcomments&post=92"}],"version-history":[{"count":20,"href":"https:\/\/vsziersdorf.ac.at\/wordpress\/index.php?rest_route=\/wp\/v2\/pages\/92\/revisions"}],"predecessor-version":[{"id":4731,"href":"https:\/\/vsziersdorf.ac.at\/wordpress\/index.php?rest_route=\/wp\/v2\/pages\/92\/revisions\/4731"}],"wp:attachment":[{"href":"https:\/\/vsziersdorf.ac.at\/wordpress\/index.php?rest_route=%2Fwp%2Fv2%2Fmedia&parent=92"}],"curies":[{"name":"wp","href":"https:\/\/api.w.org\/{rel}","templated":true}]}}