{"id":144,"date":"2016-02-09T11:16:43","date_gmt":"2016-02-09T10:16:43","guid":{"rendered":"http:\/\/vsziersdorf.ac.at\/wordpress\/?page_id=144"},"modified":"2023-06-23T11:10:59","modified_gmt":"2023-06-23T09:10:59","slug":"impressum","status":"publish","type":"page","link":"https:\/\/vsziersdorf.ac.at\/wordpress\/?page_id=144","title":{"rendered":"Impressum"},"content":{"rendered":"<h3>Volksschule Ziersdorf<\/h3>\n<p>Erlenaugasse 10<br \/>\n3710 Ziersdorf<\/p>\n<p>E-Mail: <a href=\"mailto:vs.ziersdorf@noeschule.at\">vs.ziersdorf@noeschule.at<\/a><\/p>\n<p class=\"skepost\">Tel.: 02956\/2204-70 Direktion<\/p>\n<p class=\"skepost\">02956\/2204-72 und 2204-73 Konferenzzimmer<\/p>\n<p>Schulkennzahl: <span class=\"comments\">310381<\/span><\/p>\n<p>Die Schulleiterin ist von Montag bis Donnerstag von 07:00 bis 14:00 Uhr f\u00fcr Sie erreichbar, am Freitag von 07:00 bis 13:00 Uhr.<\/p>\n<hr \/>\n<h3>Direktion<\/h3>\n<p>VD Mag. Regina Pfeifer, BEd<br \/>\nE-Mail: <a href=\"mailto:vs.ziersdorf@noeschule.at\">vs.ziersdorf@noeschule.at<\/a><\/p>\n<hr \/>\n<h3>Allgemeines<\/h3>\n<p>Diese Homepage enth\u00e4lt Informationen \u00fcber die Schule (Lehrerteam, Klassen, Aktivit\u00e4ten, Projekte). Die Nutzung der Homepage ist unentgeltlich.<\/p>\n<p><a href=\"https:\/\/bildung.bmbwf.gv.at\/datenschutz\">Informationen zum Datenschutz<\/a><\/p>\n<hr \/>\n<h3>Urheberrecht<\/h3>\n<p>Diese Homepage wurde mit WordPress gestaltet, als Theme kommt &#8222;Sydney&#8220; von aThemes zum Einsatz.<\/p>\n<p>Die Rechte an s\u00e4mtlichen Inhalte wie Text, Logos, Fotos, etc. liegen &#8211; sofern nicht anders angegeben &#8211; bei der Volksschule Ziersdorf. Jede Nutzung, Verwertung, Bearbeitung und Ver\u00e4nderung ist nur mit Zustimmung der Direktion zul\u00e4ssig.<\/p>\n<hr \/>\n<h3>Haftung, Verweise und Links<\/h3>\n<p>Zu ver\u00f6ffentlichten Inhalten wird grundlegende Recherche betrieben. Trotzdem kann keine Gew\u00e4hr f\u00fcr Richtigkeit und Vollst\u00e4ndigkeit \u00fcbernommen werden. S\u00e4mtliche Angaben erfolgen ohne Gew\u00e4hr.<\/p>\n<p>Sofern in Beitr\u00e4gen Links auf fremde Seiten enthalten sind, erkl\u00e4ren die Autoren ausdr\u00fccklich, dass diese zum Zeitpunkt der Ver\u00f6ffentlichung frei von illegalen Inhalten waren. Da die Autoren keinen Einfluss auf nachfolgende Ver\u00e4nderungen dieser Seiten haben, distanzieren sie sich von den Inhalten aller verlinkten Seiten, die nach der Linksetzung abge\u00e4ndert wurden und \u00fcbernehmen keine Verantwortung. F\u00fcr illegale, fehlerhafte oder unvollst\u00e4ndige Inhalte und Sch\u00e4den, die durch verlinkte Seiten auftreten, haften nicht die Autoren, die die Seiten verlinkt haben, sondern allein der Betreiber der externen Seite.<\/p>\n","protected":false},"excerpt":{"rendered":"<p>Volksschule Ziersdorf Erlenaugasse 10 3710 Ziersdorf E-Mail: vs.ziersdorf@noeschule.at Tel.: 02956\/2204-70 Direktion 02956\/2204-72 und 2204-73 Konferenzzimmer Schulkennzahl: 310381 Die Schulleiterin ist von Montag [&hellip;]<\/p>\n","protected":false},"author":1,"featured_media":0,"parent":0,"menu_order":0,"comment_status":"closed","ping_status":"closed","template":"","meta":{"footnotes":""},"class_list":["post-144","page","type-page","status-publish","hentry"],"_links":{"self":[{"href":"https:\/\/vsziersdorf.ac.at\/wordpress\/index.php?rest_route=\/wp\/v2\/pages\/144","targetHints":{"allow":["GET"]}}],"collection":[{"href":"https:\/\/vsziersdorf.ac.at\/wordpress\/index.php?rest_route=\/wp\/v2\/pages"}],"about":[{"href":"https:\/\/vsziersdorf.ac.at\/wordpress\/index.php?rest_route=\/wp\/v2\/types\/page"}],"author":[{"embeddable":true,"href":"https:\/\/vsziersdorf.ac.at\/wordpress\/index.php?rest_route=\/wp\/v2\/users\/1"}],"replies":[{"embeddable":true,"href":"https:\/\/vsziersdorf.ac.at\/wordpress\/index.php?rest_route=%2Fwp%2Fv2%2Fcomments&post=144"}],"version-history":[{"count":7,"href":"https:\/\/vsziersdorf.ac.at\/wordpress\/index.php?rest_route=\/wp\/v2\/pages\/144\/revisions"}],"predecessor-version":[{"id":3681,"href":"https:\/\/vsziersdorf.ac.at\/wordpress\/index.php?rest_route=\/wp\/v2\/pages\/144\/revisions\/3681"}],"wp:attachment":[{"href":"https:\/\/vsziersdorf.ac.at\/wordpress\/index.php?rest_route=%2Fwp%2Fv2%2Fmedia&parent=144"}],"curies":[{"name":"wp","href":"https:\/\/api.w.org\/{rel}","templated":true}]}}